{"id":29,"date":"2016-10-08T22:22:55","date_gmt":"2016-10-08T20:22:55","guid":{"rendered":"http:\/\/cascade-str.ch\/wp16\/?page_id=29"},"modified":"2018-11-26T08:29:34","modified_gmt":"2018-11-26T07:29:34","slug":"marken","status":"publish","type":"page","link":"https:\/\/cascade-str.ch\/wp16\/marken\/","title":{"rendered":"Marken"},"content":{"rendered":"<div id=\"pl-29\"  class=\"panel-layout\" ><div id=\"pg-29-0\"  class=\"panel-grid panel-no-style\" ><div id=\"pgc-29-0-0\"  class=\"panel-grid-cell\" ><div id=\"panel-29-0-0-0\" class=\"so-panel widget widget_sow-editor panel-first-child panel-last-child\" data-index=\"0\" ><div\n\t\t\t\n\t\t\tclass=\"so-widget-sow-editor so-widget-sow-editor-base\"\n\t\t\t\n\t\t>\n<div class=\"siteorigin-widget-tinymce textwidget\">\n\t<p><a href=\"http:\/\/www.kong.it\/\" target=\"_blank\"><img loading=\"lazy\" decoding=\"async\" class=\"alignleft wp-image-21\" src=\"http:\/\/cascade-str.ch\/wp16\/wp-content\/uploads\/2016\/10\/Logo_Kong3D-300x210.jpg\" alt=\"logo_kong3d\" width=\"250\" height=\"175\" srcset=\"https:\/\/cascade-str.ch\/wp16\/wp-content\/uploads\/2016\/10\/Logo_Kong3D-300x210.jpg 300w, https:\/\/cascade-str.ch\/wp16\/wp-content\/uploads\/2016\/10\/Logo_Kong3D-768x537.jpg 768w, https:\/\/cascade-str.ch\/wp16\/wp-content\/uploads\/2016\/10\/Logo_Kong3D.jpg 803w\" sizes=\"auto, (max-width: 250px) 100vw, 250px\" \/><\/a><\/p>\n<\/div>\n<\/div><\/div><\/div><div id=\"pgc-29-0-1\"  class=\"panel-grid-cell\" ><div id=\"panel-29-0-1-0\" class=\"so-panel widget widget_sow-editor panel-first-child panel-last-child\" data-index=\"1\" ><div\n\t\t\t\n\t\t\tclass=\"so-widget-sow-editor so-widget-sow-editor-base\"\n\t\t\t\n\t\t><h3 class=\"widget-title\">KONG ITALY<\/h3>\n<div class=\"siteorigin-widget-tinymce textwidget\">\n\t<p>Die Marke KONG bietet innovative Produkte f\u00fcr die Bereiche Bergsport, Bergrettung, H\u00f6hlenforschung, Industrie und Seefahrt. Ann\u00e4hernd 200 Jahre Erfahrung in der Herstellung von Stahl und anderen metallischen Produkten, zeugen von Stetigkeit. Heute noch werden in der 10\u2018000 m\u00b2 grossen Fabrik von \u00fcber 70 Mitarbeitern Karabiner, Abseilachter, Express-Sets, Seilklemmen und andere Ausr\u00fcstungsgegenst\u00e4nde hergestellt. Jeder Karabiner wird St\u00fcck f\u00fcr St\u00fcck gepr\u00fcft - f\u00fcr Ihre gr\u00f6sstm\u00f6gliche <strong>Sicherheit<\/strong>.<\/p>\n<\/div>\n<\/div><\/div><\/div><\/div><div id=\"pg-29-1\"  class=\"panel-grid panel-no-style\" ><div id=\"pgc-29-1-0\"  class=\"panel-grid-cell\" ><div id=\"panel-29-1-0-0\" class=\"so-panel widget widget_sow-editor panel-first-child panel-last-child\" data-index=\"2\" ><div\n\t\t\t\n\t\t\tclass=\"so-widget-sow-editor so-widget-sow-editor-base\"\n\t\t\t\n\t\t>\n<div class=\"siteorigin-widget-tinymce textwidget\">\n\t<p><a href=\"http:\/\/www.kask.it\/\" target=\"_blank\"><img loading=\"lazy\" decoding=\"async\" class=\"alignleft wp-image-113\" src=\"http:\/\/cascade-str.ch\/wp16\/wp-content\/uploads\/2016\/10\/logo_kask-300x84.jpg\" width=\"250\" height=\"70\" srcset=\"https:\/\/cascade-str.ch\/wp16\/wp-content\/uploads\/2016\/10\/logo_kask-300x84.jpg 300w, https:\/\/cascade-str.ch\/wp16\/wp-content\/uploads\/2016\/10\/logo_kask-768x215.jpg 768w, https:\/\/cascade-str.ch\/wp16\/wp-content\/uploads\/2016\/10\/logo_kask-1024x287.jpg 1024w\" sizes=\"auto, (max-width: 250px) 100vw, 250px\" \/><\/a><\/p>\n<\/div>\n<\/div><\/div><\/div><div id=\"pgc-29-1-1\"  class=\"panel-grid-cell\" ><div id=\"panel-29-1-1-0\" class=\"so-panel widget widget_sow-editor panel-first-child panel-last-child\" data-index=\"3\" ><div\n\t\t\t\n\t\t\tclass=\"so-widget-sow-editor so-widget-sow-editor-base\"\n\t\t\t\n\t\t><h3 class=\"widget-title\">KASK<\/h3>\n<div class=\"siteorigin-widget-tinymce textwidget\">\n\t<p>KASK, mit Sitz in Italien, ist spezialisiert auf die Entwicklung, Konstruktion und Herstellung von Schutzhelmen von h\u00f6chster Qualit\u00e4t. KASK ist bestrebt eine perfekte Balance zwischen Qualit\u00e4t, Funktionalit\u00e4t, Sicherheit und ansprechendes Design in ihren Produkten zu erreichen. Die hohen Standards in der Produktion gew\u00e4hrleisten die besten Schutzhelme f\u00fcr die anspruchsvollsten Kunden.n.<\/p>\n<\/div>\n<\/div><\/div><\/div><\/div><div id=\"pg-29-2\"  class=\"panel-grid panel-no-style\" ><div id=\"pgc-29-2-0\"  class=\"panel-grid-cell\" ><div id=\"panel-29-2-0-0\" class=\"so-panel widget widget_sow-editor panel-first-child panel-last-child\" data-index=\"4\" ><div\n\t\t\t\n\t\t\tclass=\"so-widget-sow-editor so-widget-sow-editor-base\"\n\t\t\t\n\t\t>\n<div class=\"siteorigin-widget-tinymce textwidget\">\n\t<p><a href=\"http:\/\/www.fallprotec.com\" target=\"_blank\" rel=\"noopener\"><img loading=\"lazy\" decoding=\"async\" class=\"alignleft wp-image-642\" src=\"http:\/\/cascade-str.ch\/wp16\/wp-content\/uploads\/2018\/11\/Logo_Fallprotec_2018.jpg\" alt=\"\" width=\"250\" height=\"79\" \/><\/a><\/p>\n<\/div>\n<\/div><\/div><\/div><div id=\"pgc-29-2-1\"  class=\"panel-grid-cell\" ><div id=\"panel-29-2-1-0\" class=\"so-panel widget widget_sow-editor panel-first-child panel-last-child\" data-index=\"5\" ><div\n\t\t\t\n\t\t\tclass=\"so-widget-sow-editor so-widget-sow-editor-base\"\n\t\t\t\n\t\t><h3 class=\"widget-title\">Fallprotec<\/h3>\n<div class=\"siteorigin-widget-tinymce textwidget\">\n\t<div>\n<p>Fallprotec bietet ein umfassendes Sortiment an Absturzsicherungs- und H\u00f6hensicherungssystemen. Professionelle Mitarbeitern bieten ihren Kunden, Vertriebsh\u00e4ndlern und Installateuren t\u00e4glich die beste Unterst\u00fctzung und begleiten den Endkunden von den ersten Schritten bis zur endg\u00fcltigen Installation. Dank des Netzwerks von Niederlassungen, Vertriebsh\u00e4ndlern und zertifizierten Installateuren in mehr als 48 L\u00e4ndern ist Fallprotec ein vollwertiger Anbieter von Sicherheits- und Zugangsausr\u00fcstungen. Anerkannt von Industrieunternehmen, die auf ihre L\u00f6sungen vertrauen. F\u00fcr die Sicherheit ihrer Mitarbeiter und von renommierten Architekten oder Bauunternehmen, deren T\u00e4tigkeit darin besteht, auch gross angelegte und komplexe Projekte von der Entwurfsphase bis zur Installation mit massgeschneiderten L\u00f6sungen zu verfolgen.<\/p>\n<\/div>\n<\/div>\n<\/div><\/div><\/div><\/div><div id=\"pg-29-3\"  class=\"panel-grid panel-no-style\" ><div id=\"pgc-29-3-0\"  class=\"panel-grid-cell\" ><div id=\"panel-29-3-0-0\" class=\"so-panel widget widget_sow-editor panel-first-child panel-last-child\" data-index=\"6\" ><div\n\t\t\t\n\t\t\tclass=\"so-widget-sow-editor so-widget-sow-editor-base\"\n\t\t\t\n\t\t>\n<div class=\"siteorigin-widget-tinymce textwidget\">\n\t<p><a href=\"http:\/\/www.cousin-trestec.com\/\" target=\"_blank\" rel=\"noopener\"><img loading=\"lazy\" decoding=\"async\" class=\"alignleft wp-image-568 size-medium\" src=\"http:\/\/cascade-str.ch\/wp16\/wp-content\/uploads\/2018\/03\/CousinTrestec-300x125.jpg\" alt=\"\" width=\"300\" height=\"125\" srcset=\"https:\/\/cascade-str.ch\/wp16\/wp-content\/uploads\/2018\/03\/CousinTrestec-300x125.jpg 300w, https:\/\/cascade-str.ch\/wp16\/wp-content\/uploads\/2018\/03\/CousinTrestec.jpg 600w\" sizes=\"auto, (max-width: 300px) 100vw, 300px\" \/><\/a><\/p>\n<\/div>\n<\/div><\/div><\/div><div id=\"pgc-29-3-1\"  class=\"panel-grid-cell\" ><div id=\"panel-29-3-1-0\" class=\"so-panel widget widget_sow-editor panel-first-child panel-last-child\" data-index=\"7\" ><div\n\t\t\t\n\t\t\tclass=\"so-widget-sow-editor so-widget-sow-editor-base\"\n\t\t\t\n\t\t><h3 class=\"widget-title\">COUSIN TRESTEC<\/h3>\n<div class=\"siteorigin-widget-tinymce textwidget\">\n\t<p>Cousin Trestec, ein Garant f\u00fcr h\u00f6chste Qualit\u00e4t in der Fertigung technischer Seile f\u00fcr Anwendungen in den verschiedensten Bereichen. 160 Jahre Erfahrung in der Produktion von technischen Seilen lassen keine W\u00fcnsche offen. Wir versprechen keine Kompromisse, wenn es um Ihre <strong>Sicherheit <\/strong>geht!<\/p>\n<\/div>\n<\/div><\/div><\/div><\/div><div id=\"pg-29-4\"  class=\"panel-grid panel-no-style\" ><div id=\"pgc-29-4-0\"  class=\"panel-grid-cell\" ><div id=\"panel-29-4-0-0\" class=\"so-panel widget widget_sow-editor panel-first-child panel-last-child\" data-index=\"8\" ><div\n\t\t\t\n\t\t\tclass=\"so-widget-sow-editor so-widget-sow-editor-base\"\n\t\t\t\n\t\t>\n<div class=\"siteorigin-widget-tinymce textwidget\">\n\t<p><a href=\"http:\/\/www.iscwales.com\"><img loading=\"lazy\" decoding=\"async\" class=\"alignleft wp-image-117\" src=\"http:\/\/cascade-str.ch\/wp16\/wp-content\/uploads\/2016\/10\/ISC_Logo_grey-300x170.png\" width=\"250\" height=\"141\" srcset=\"https:\/\/cascade-str.ch\/wp16\/wp-content\/uploads\/2016\/10\/ISC_Logo_grey-300x170.png 300w, https:\/\/cascade-str.ch\/wp16\/wp-content\/uploads\/2016\/10\/ISC_Logo_grey.png 341w\" sizes=\"auto, (max-width: 250px) 100vw, 250px\" \/><\/a><\/p>\n<\/div>\n<\/div><\/div><\/div><div id=\"pgc-29-4-1\"  class=\"panel-grid-cell\" ><div id=\"panel-29-4-1-0\" class=\"so-panel widget widget_sow-editor panel-first-child panel-last-child\" data-index=\"9\" ><div\n\t\t\t\n\t\t\tclass=\"so-widget-sow-editor so-widget-sow-editor-base\"\n\t\t\t\n\t\t><h3 class=\"widget-title\">ISC<\/h3>\n<div class=\"siteorigin-widget-tinymce textwidget\">\n\t<p><span id=\"result_box\" lang=\"de\">ISC liefert Produkte f\u00fcr die Bereiche \"Arbeiten in der H\u00f6he\", \"Industrie\", \"Baumpflege\", \"Feuerwehr und Rettung\" und Milit\u00e4r und andere Spezialbereiche. Das weltweit agierende Unternehmen ist spezialisiert auf die Konzeption, Entwicklung und Herstellung von innovativen technischen Komponenten und anderen \"L\u00f6sungen in Metall\".<br \/><\/span><\/p>\n<\/div>\n<\/div><\/div><\/div><\/div><div id=\"pg-29-5\"  class=\"panel-grid panel-no-style\" ><div id=\"pgc-29-5-0\"  class=\"panel-grid-cell\" ><div id=\"panel-29-5-0-0\" class=\"so-panel widget widget_sow-editor panel-first-child panel-last-child\" data-index=\"10\" ><div\n\t\t\t\n\t\t\tclass=\"so-widget-sow-editor so-widget-sow-editor-base\"\n\t\t\t\n\t\t>\n<div class=\"siteorigin-widget-tinymce textwidget\">\n\t<p><a href=\"http:\/\/rockexotica.de\" target=\"_blank\"><img loading=\"lazy\" decoding=\"async\" class=\"alignleft wp-image-235 size-medium\" src=\"http:\/\/cascade-str.ch\/wp16\/wp-content\/uploads\/2016\/10\/rockexotica-300x120.png\" width=\"300\" height=\"120\" srcset=\"https:\/\/cascade-str.ch\/wp16\/wp-content\/uploads\/2016\/10\/rockexotica-300x120.png 300w, https:\/\/cascade-str.ch\/wp16\/wp-content\/uploads\/2016\/10\/rockexotica.png 355w\" sizes=\"auto, (max-width: 300px) 100vw, 300px\" \/><\/a><\/p>\n<\/div>\n<\/div><\/div><\/div><div id=\"pgc-29-5-1\"  class=\"panel-grid-cell\" ><div id=\"panel-29-5-1-0\" class=\"so-panel widget widget_sow-editor panel-first-child panel-last-child\" data-index=\"11\" ><div\n\t\t\t\n\t\t\tclass=\"so-widget-sow-editor so-widget-sow-editor-base\"\n\t\t\t\n\t\t><h3 class=\"widget-title\">rock exotica<\/h3>\n<div class=\"siteorigin-widget-tinymce textwidget\">\n\t<p><span id=\"result_box\" lang=\"de\">Rock Exotica entwickelt die weltweit innovativsten Komponenten f\u00fcr technische Seilsysteme. Ihre Passion ist es die optimale Ausr\u00fcstung zu entwickeln, unabh\u00e4ngig vom Aufwand.<\/span><\/p>\n<\/div>\n<\/div><\/div><\/div><\/div><\/div>","protected":false},"excerpt":{"rendered":"<p>Die Marke KONG bietet innovative Produkte f\u00fcr die Bereiche Bergsport, Bergrettung, H\u00f6hlenforschung, Industrie und Seefahrt. Ann\u00e4hernd 200 Jahre Erfahrung in der Herstellung von Stahl und anderen metallischen Produkten, zeugen von Stetigkeit. Heute noch werden in der 10\u2018000 m\u00b2 grossen Fabrik von \u00fcber 70 Mitarbeitern Karabiner, Abseilachter, Express-Sets, Seilklemmen und andere Ausr\u00fcstungsgegenst\u00e4nde hergestellt. Jeder Karabiner wird &#8230;<\/p>\n","protected":false},"author":2,"featured_media":0,"parent":0,"menu_order":0,"comment_status":"closed","ping_status":"closed","template":"","meta":{"footnotes":""},"class_list":["post-29","page","type-page","status-publish","hentry"],"yoast_head":"<!-- This site is optimized with the Yoast SEO plugin v27.4 - https:\/\/yoast.com\/product\/yoast-seo-wordpress\/ -->\n<title>Marken - Cascade-S-T-R<\/title>\n<meta name=\"robots\" content=\"index, follow, max-snippet:-1, max-image-preview:large, max-video-preview:-1\" \/>\n<link rel=\"canonical\" href=\"https:\/\/cascade-str.ch\/wp16\/marken\/\" \/>\n<meta property=\"og:locale\" content=\"de_DE\" \/>\n<meta property=\"og:type\" content=\"article\" \/>\n<meta property=\"og:title\" content=\"Marken - Cascade-S-T-R\" \/>\n<meta property=\"og:description\" content=\"Die Marke KONG bietet innovative Produkte f\u00fcr die Bereiche Bergsport, Bergrettung, H\u00f6hlenforschung, Industrie und Seefahrt. Ann\u00e4hernd 200 Jahre Erfahrung in der Herstellung von Stahl und anderen metallischen Produkten, zeugen von Stetigkeit. Heute noch werden in der 10\u2018000 m\u00b2 grossen Fabrik von \u00fcber 70 Mitarbeitern Karabiner, Abseilachter, Express-Sets, Seilklemmen und andere Ausr\u00fcstungsgegenst\u00e4nde hergestellt. Jeder Karabiner wird ...\" \/>\n<meta property=\"og:url\" content=\"https:\/\/cascade-str.ch\/wp16\/marken\/\" \/>\n<meta property=\"og:site_name\" content=\"Cascade-S-T-R\" \/>\n<meta property=\"article:publisher\" content=\"https:\/\/www.facebook.com\/cascade.ch\" \/>\n<meta property=\"article:modified_time\" content=\"2018-11-26T07:29:34+00:00\" \/>\n<meta property=\"og:image\" content=\"http:\/\/cascade-str.ch\/wp16\/wp-content\/uploads\/2016\/10\/Logo_Kong3D-300x210.jpg\" \/>\n<meta name=\"twitter:card\" content=\"summary_large_image\" \/>\n<meta name=\"twitter:label1\" content=\"Gesch\u00e4tzte Lesezeit\" \/>\n\t<meta name=\"twitter:data1\" content=\"2\u00a0Minuten\" \/>\n<script type=\"application\/ld+json\" class=\"yoast-schema-graph\">{\"@context\":\"https:\\\/\\\/schema.org\",\"@graph\":[{\"@type\":\"WebPage\",\"@id\":\"https:\\\/\\\/cascade-str.ch\\\/wp16\\\/marken\\\/\",\"url\":\"https:\\\/\\\/cascade-str.ch\\\/wp16\\\/marken\\\/\",\"name\":\"Marken - Cascade-S-T-R\",\"isPartOf\":{\"@id\":\"https:\\\/\\\/cascade-str.ch\\\/wp16\\\/#website\"},\"primaryImageOfPage\":{\"@id\":\"https:\\\/\\\/cascade-str.ch\\\/wp16\\\/marken\\\/#primaryimage\"},\"image\":{\"@id\":\"https:\\\/\\\/cascade-str.ch\\\/wp16\\\/marken\\\/#primaryimage\"},\"thumbnailUrl\":\"http:\\\/\\\/cascade-str.ch\\\/wp16\\\/wp-content\\\/uploads\\\/2016\\\/10\\\/Logo_Kong3D-300x210.jpg\",\"datePublished\":\"2016-10-08T20:22:55+00:00\",\"dateModified\":\"2018-11-26T07:29:34+00:00\",\"breadcrumb\":{\"@id\":\"https:\\\/\\\/cascade-str.ch\\\/wp16\\\/marken\\\/#breadcrumb\"},\"inLanguage\":\"de\",\"potentialAction\":[{\"@type\":\"ReadAction\",\"target\":[\"https:\\\/\\\/cascade-str.ch\\\/wp16\\\/marken\\\/\"]}]},{\"@type\":\"ImageObject\",\"inLanguage\":\"de\",\"@id\":\"https:\\\/\\\/cascade-str.ch\\\/wp16\\\/marken\\\/#primaryimage\",\"url\":\"http:\\\/\\\/cascade-str.ch\\\/wp16\\\/wp-content\\\/uploads\\\/2016\\\/10\\\/Logo_Kong3D-300x210.jpg\",\"contentUrl\":\"http:\\\/\\\/cascade-str.ch\\\/wp16\\\/wp-content\\\/uploads\\\/2016\\\/10\\\/Logo_Kong3D-300x210.jpg\"},{\"@type\":\"BreadcrumbList\",\"@id\":\"https:\\\/\\\/cascade-str.ch\\\/wp16\\\/marken\\\/#breadcrumb\",\"itemListElement\":[{\"@type\":\"ListItem\",\"position\":1,\"name\":\"Startseite\",\"item\":\"https:\\\/\\\/cascade-str.ch\\\/wp16\\\/\"},{\"@type\":\"ListItem\",\"position\":2,\"name\":\"Marken\"}]},{\"@type\":\"WebSite\",\"@id\":\"https:\\\/\\\/cascade-str.ch\\\/wp16\\\/#website\",\"url\":\"https:\\\/\\\/cascade-str.ch\\\/wp16\\\/\",\"name\":\"Cascade-S-T-R\",\"description\":\"\",\"publisher\":{\"@id\":\"https:\\\/\\\/cascade-str.ch\\\/wp16\\\/#organization\"},\"potentialAction\":[{\"@type\":\"SearchAction\",\"target\":{\"@type\":\"EntryPoint\",\"urlTemplate\":\"https:\\\/\\\/cascade-str.ch\\\/wp16\\\/?s={search_term_string}\"},\"query-input\":{\"@type\":\"PropertyValueSpecification\",\"valueRequired\":true,\"valueName\":\"search_term_string\"}}],\"inLanguage\":\"de\"},{\"@type\":\"Organization\",\"@id\":\"https:\\\/\\\/cascade-str.ch\\\/wp16\\\/#organization\",\"name\":\"Cascade S-T-R AG\",\"url\":\"https:\\\/\\\/cascade-str.ch\\\/wp16\\\/\",\"logo\":{\"@type\":\"ImageObject\",\"inLanguage\":\"de\",\"@id\":\"https:\\\/\\\/cascade-str.ch\\\/wp16\\\/#\\\/schema\\\/logo\\\/image\\\/\",\"url\":\"https:\\\/\\\/i0.wp.com\\\/cascade-str.ch\\\/wp16\\\/wp-content\\\/uploads\\\/2016\\\/10\\\/Logo_Cascade_150.png?fit=1201%2C316&ssl=1\",\"contentUrl\":\"https:\\\/\\\/i0.wp.com\\\/cascade-str.ch\\\/wp16\\\/wp-content\\\/uploads\\\/2016\\\/10\\\/Logo_Cascade_150.png?fit=1201%2C316&ssl=1\",\"width\":1201,\"height\":316,\"caption\":\"Cascade S-T-R AG\"},\"image\":{\"@id\":\"https:\\\/\\\/cascade-str.ch\\\/wp16\\\/#\\\/schema\\\/logo\\\/image\\\/\"},\"sameAs\":[\"https:\\\/\\\/www.facebook.com\\\/cascade.ch\"]}]}<\/script>\n<!-- \/ Yoast SEO plugin. -->","yoast_head_json":{"title":"Marken - Cascade-S-T-R","robots":{"index":"index","follow":"follow","max-snippet":"max-snippet:-1","max-image-preview":"max-image-preview:large","max-video-preview":"max-video-preview:-1"},"canonical":"https:\/\/cascade-str.ch\/wp16\/marken\/","og_locale":"de_DE","og_type":"article","og_title":"Marken - Cascade-S-T-R","og_description":"Die Marke KONG bietet innovative Produkte f\u00fcr die Bereiche Bergsport, Bergrettung, H\u00f6hlenforschung, Industrie und Seefahrt. Ann\u00e4hernd 200 Jahre Erfahrung in der Herstellung von Stahl und anderen metallischen Produkten, zeugen von Stetigkeit. Heute noch werden in der 10\u2018000 m\u00b2 grossen Fabrik von \u00fcber 70 Mitarbeitern Karabiner, Abseilachter, Express-Sets, Seilklemmen und andere Ausr\u00fcstungsgegenst\u00e4nde hergestellt. Jeder Karabiner wird ...","og_url":"https:\/\/cascade-str.ch\/wp16\/marken\/","og_site_name":"Cascade-S-T-R","article_publisher":"https:\/\/www.facebook.com\/cascade.ch","article_modified_time":"2018-11-26T07:29:34+00:00","og_image":[{"url":"http:\/\/cascade-str.ch\/wp16\/wp-content\/uploads\/2016\/10\/Logo_Kong3D-300x210.jpg","type":"","width":"","height":""}],"twitter_card":"summary_large_image","twitter_misc":{"Gesch\u00e4tzte Lesezeit":"2\u00a0Minuten"},"schema":{"@context":"https:\/\/schema.org","@graph":[{"@type":"WebPage","@id":"https:\/\/cascade-str.ch\/wp16\/marken\/","url":"https:\/\/cascade-str.ch\/wp16\/marken\/","name":"Marken - Cascade-S-T-R","isPartOf":{"@id":"https:\/\/cascade-str.ch\/wp16\/#website"},"primaryImageOfPage":{"@id":"https:\/\/cascade-str.ch\/wp16\/marken\/#primaryimage"},"image":{"@id":"https:\/\/cascade-str.ch\/wp16\/marken\/#primaryimage"},"thumbnailUrl":"http:\/\/cascade-str.ch\/wp16\/wp-content\/uploads\/2016\/10\/Logo_Kong3D-300x210.jpg","datePublished":"2016-10-08T20:22:55+00:00","dateModified":"2018-11-26T07:29:34+00:00","breadcrumb":{"@id":"https:\/\/cascade-str.ch\/wp16\/marken\/#breadcrumb"},"inLanguage":"de","potentialAction":[{"@type":"ReadAction","target":["https:\/\/cascade-str.ch\/wp16\/marken\/"]}]},{"@type":"ImageObject","inLanguage":"de","@id":"https:\/\/cascade-str.ch\/wp16\/marken\/#primaryimage","url":"http:\/\/cascade-str.ch\/wp16\/wp-content\/uploads\/2016\/10\/Logo_Kong3D-300x210.jpg","contentUrl":"http:\/\/cascade-str.ch\/wp16\/wp-content\/uploads\/2016\/10\/Logo_Kong3D-300x210.jpg"},{"@type":"BreadcrumbList","@id":"https:\/\/cascade-str.ch\/wp16\/marken\/#breadcrumb","itemListElement":[{"@type":"ListItem","position":1,"name":"Startseite","item":"https:\/\/cascade-str.ch\/wp16\/"},{"@type":"ListItem","position":2,"name":"Marken"}]},{"@type":"WebSite","@id":"https:\/\/cascade-str.ch\/wp16\/#website","url":"https:\/\/cascade-str.ch\/wp16\/","name":"Cascade-S-T-R","description":"","publisher":{"@id":"https:\/\/cascade-str.ch\/wp16\/#organization"},"potentialAction":[{"@type":"SearchAction","target":{"@type":"EntryPoint","urlTemplate":"https:\/\/cascade-str.ch\/wp16\/?s={search_term_string}"},"query-input":{"@type":"PropertyValueSpecification","valueRequired":true,"valueName":"search_term_string"}}],"inLanguage":"de"},{"@type":"Organization","@id":"https:\/\/cascade-str.ch\/wp16\/#organization","name":"Cascade S-T-R AG","url":"https:\/\/cascade-str.ch\/wp16\/","logo":{"@type":"ImageObject","inLanguage":"de","@id":"https:\/\/cascade-str.ch\/wp16\/#\/schema\/logo\/image\/","url":"https:\/\/i0.wp.com\/cascade-str.ch\/wp16\/wp-content\/uploads\/2016\/10\/Logo_Cascade_150.png?fit=1201%2C316&ssl=1","contentUrl":"https:\/\/i0.wp.com\/cascade-str.ch\/wp16\/wp-content\/uploads\/2016\/10\/Logo_Cascade_150.png?fit=1201%2C316&ssl=1","width":1201,"height":316,"caption":"Cascade S-T-R AG"},"image":{"@id":"https:\/\/cascade-str.ch\/wp16\/#\/schema\/logo\/image\/"},"sameAs":["https:\/\/www.facebook.com\/cascade.ch"]}]}},"_links":{"self":[{"href":"https:\/\/cascade-str.ch\/wp16\/wp-json\/wp\/v2\/pages\/29","targetHints":{"allow":["GET"]}}],"collection":[{"href":"https:\/\/cascade-str.ch\/wp16\/wp-json\/wp\/v2\/pages"}],"about":[{"href":"https:\/\/cascade-str.ch\/wp16\/wp-json\/wp\/v2\/types\/page"}],"author":[{"embeddable":true,"href":"https:\/\/cascade-str.ch\/wp16\/wp-json\/wp\/v2\/users\/2"}],"replies":[{"embeddable":true,"href":"https:\/\/cascade-str.ch\/wp16\/wp-json\/wp\/v2\/comments?post=29"}],"version-history":[{"count":23,"href":"https:\/\/cascade-str.ch\/wp16\/wp-json\/wp\/v2\/pages\/29\/revisions"}],"predecessor-version":[{"id":646,"href":"https:\/\/cascade-str.ch\/wp16\/wp-json\/wp\/v2\/pages\/29\/revisions\/646"}],"wp:attachment":[{"href":"https:\/\/cascade-str.ch\/wp16\/wp-json\/wp\/v2\/media?parent=29"}],"curies":[{"name":"wp","href":"https:\/\/api.w.org\/{rel}","templated":true}]}}